{"id":3715,"date":"2024-03-11T21:28:59","date_gmt":"2024-03-11T20:28:59","guid":{"rendered":"https:\/\/ledetour-therapie.com\/?page_id=3715"},"modified":"2025-03-18T16:37:37","modified_gmt":"2025-03-18T15:37:37","slug":"podcasts","status":"publish","type":"page","link":"https:\/\/ledetour-therapie.com\/index.php\/podcasts\/","title":{"rendered":"Podcasts"},"content":{"rendered":"\n<div class=\"wp-block-uagb-container uagb-block-550b8637 default uagb-is-root-container\">\n<div class=\"wp-block-columns is-layout-flex wp-container-core-columns-is-layout-f1dac1c7 wp-block-columns-is-layout-flex\" style=\"margin-top:var(--wp--preset--spacing--30);margin-bottom:var(--wp--preset--spacing--30);padding-top:var(--wp--preset--spacing--40);padding-right:0;padding-bottom:var(--wp--preset--spacing--40);padding-left:0\">\n<div class=\"wp-block-column is-layout-flow wp-block-column-is-layout-flow\" style=\"flex-basis:50%\">\n<figure class=\"wp-block-image size-full is-resized has-custom-border wp-duotone-unset-1\"><img loading=\"lazy\" decoding=\"async\" width=\"1267\" height=\"1267\" src=\"https:\/\/ledetour-therapie.com\/wp-content\/uploads\/2024\/03\/IMG_JVQ2-2.png\" alt=\"\" class=\"wp-image-3803\" style=\"border-radius:22px;object-fit:cover;width:281px;height:auto\" srcset=\"https:\/\/ledetour-therapie.com\/wp-content\/uploads\/2024\/03\/IMG_JVQ2-2.png 1267w, https:\/\/ledetour-therapie.com\/wp-content\/uploads\/2024\/03\/IMG_JVQ2-2-300x300.png 300w, https:\/\/ledetour-therapie.com\/wp-content\/uploads\/2024\/03\/IMG_JVQ2-2-1024x1024.png 1024w, https:\/\/ledetour-therapie.com\/wp-content\/uploads\/2024\/03\/IMG_JVQ2-2-150x150.png 150w, https:\/\/ledetour-therapie.com\/wp-content\/uploads\/2024\/03\/IMG_JVQ2-2-768x768.png 768w\" sizes=\"auto, (max-width: 1267px) 100vw, 1267px\" \/><\/figure>\n<\/div>\n\n\n\n<div class=\"wp-block-column is-layout-flow wp-container-core-column-is-layout-81d5c4b5 wp-block-column-is-layout-flow\" style=\"flex-basis:100%\">\n<h2 class=\"wp-block-heading has-ast-global-color-3-color has-text-color has-link-color wp-elements-12859063cdb68d83727d59c9c87dc927\">\u00ab\u00a0Je vois quelqu&rsquo;un\u00a0\u00bb<\/h2>\n\n\n\n<p><strong>R\u00e9cits de th\u00e9rapies<\/strong><\/p>\n\n\n\n<p>\u00c7a sert \u00e0 quoi d\u2019aller voir \u00ab&nbsp;quelqu\u2019un&nbsp;\u00bb ?&nbsp;<br>Comment cela nous transforme, nous fait avancer ?&nbsp;<\/p>\n\n\n\n<p><strong>Dans le podcast \u201cje vois quelqu\u2019un\u201d, des femmes et des hommes* racontent <\/strong><br><strong>l\u2019impact de la th\u00e9rapie sur leurs trajectoires de vie.<\/strong><\/p>\n\n\n\n<p><\/p>\n\n\n\n<p><br>Pour \u00e9couter les \u00e9pisodes, c&rsquo;est par ici : <a href=\"https:\/\/smartlink.ausha.co\/je-vois-quelqu-un-le-podcast\">https:\/\/smartlink.ausha.co\/je-vois-quelqu-un-le-podcast<\/a><br><br><\/p>\n<\/div>\n<\/div>\n<\/div>\n\n\n\n<div class=\"wp-block-uagb-separator uagb-block-b97021a7\"><div class=\"wp-block-uagb-separator__inner\" style=\"--my-background-image:url(&quot;data:image\/svg+xml,%3Csvg width='16' height='16' viewBox='0 0 16 16' fill='none' xmlns='http:\/\/www.w3.org\/2000\/svg'%3E%3Cpath d='M6.4 0H16L9.6 16H0L6.4 0Z' fill='black'\/%3E%3C\/svg%3E&quot;)\"><\/div><\/div>\n\n\n\n<div class=\"wp-block-columns is-layout-flex wp-container-core-columns-is-layout-28f84493 wp-block-columns-is-layout-flex\">\n<div class=\"wp-block-column is-layout-flow wp-block-column-is-layout-flow\" style=\"flex-basis:33.33%\">\n<figure class=\"wp-block-image size-full\"><img loading=\"lazy\" decoding=\"async\" width=\"896\" height=\"672\" src=\"https:\/\/ledetour-therapie.com\/wp-content\/uploads\/2024\/06\/JE-VOIS-QUELQUUN-PODCAST-PARTENARIAT-2-copie.pdf-2.jpg\" alt=\"\" class=\"wp-image-3866\" srcset=\"https:\/\/ledetour-therapie.com\/wp-content\/uploads\/2024\/06\/JE-VOIS-QUELQUUN-PODCAST-PARTENARIAT-2-copie.pdf-2.jpg 896w, https:\/\/ledetour-therapie.com\/wp-content\/uploads\/2024\/06\/JE-VOIS-QUELQUUN-PODCAST-PARTENARIAT-2-copie.pdf-2-300x225.jpg 300w, https:\/\/ledetour-therapie.com\/wp-content\/uploads\/2024\/06\/JE-VOIS-QUELQUUN-PODCAST-PARTENARIAT-2-copie.pdf-2-768x576.jpg 768w\" sizes=\"auto, (max-width: 896px) 100vw, 896px\" \/><\/figure>\n<\/div>\n\n\n\n<div class=\"wp-block-column is-layout-flow wp-block-column-is-layout-flow\" style=\"flex-basis:66.66%\">\n<p><strong>Episode 1. Charl\u00e8ne &#8211; Le couvercle sur la marmite<\/strong><\/p>\n\n\n\n<p>Dans cet \u00e9pisode, Charl\u00e8ne revient sur son parcours th\u00e9rapeutique. Elle nous raconte sa premi\u00e8re s\u00e9ance avec sa psy, nous partage comment, adolescente, la th\u00e9rapie l\u2019a aid\u00e9 \u00e0 traverser le <strong>traumatisme de l\u2019abus.<\/strong> Enfin, elle revient sur sa r\u00e9cente exp\u00e9rience de th\u00e9rapie de couple, gr\u00e2ce \u00e0 laquelle elle a v\u00e9cu <strong>une s\u00e9paration sans claquer la porte<\/strong>.<\/p>\n\n\n\n<p>Ecouter l&rsquo;\u00e9pisode <a href=\"https:\/\/smartlink.ausha.co\/je-vois-quelqu-un-le-podcast\/episode-1-charlene-le-couvercle-de-la-marmite\" data-type=\"link\" data-id=\"https:\/\/smartlink.ausha.co\/je-vois-quelqu-un-le-podcast\/episode-1-charlene-le-couvercle-de-la-marmite\">ici<\/a><\/p>\n\n\n\n<p><a href=\"https:\/\/ledetour-therapie.com\/index.php\/pour-aller-plus-loin\/\">Pour aller plus loin, consultez notre biblioth\u00e8que d&rsquo;articles<\/a><\/p>\n<\/div>\n<\/div>\n\n\n\n<div class=\"wp-block-columns is-layout-flex wp-container-core-columns-is-layout-28f84493 wp-block-columns-is-layout-flex\">\n<div class=\"wp-block-column is-layout-flow wp-block-column-is-layout-flow\" style=\"flex-basis:33.33%\">\n<figure class=\"wp-block-image size-full\"><img loading=\"lazy\" decoding=\"async\" width=\"896\" height=\"672\" src=\"https:\/\/ledetour-therapie.com\/wp-content\/uploads\/2024\/06\/JE-VOIS-QUELQUUN-PODCAST-PARTENARIAT-2-copie.pdf-1.jpg\" alt=\"\" class=\"wp-image-3865\" srcset=\"https:\/\/ledetour-therapie.com\/wp-content\/uploads\/2024\/06\/JE-VOIS-QUELQUUN-PODCAST-PARTENARIAT-2-copie.pdf-1.jpg 896w, https:\/\/ledetour-therapie.com\/wp-content\/uploads\/2024\/06\/JE-VOIS-QUELQUUN-PODCAST-PARTENARIAT-2-copie.pdf-1-300x225.jpg 300w, https:\/\/ledetour-therapie.com\/wp-content\/uploads\/2024\/06\/JE-VOIS-QUELQUUN-PODCAST-PARTENARIAT-2-copie.pdf-1-768x576.jpg 768w\" sizes=\"auto, (max-width: 896px) 100vw, 896px\" \/><\/figure>\n<\/div>\n\n\n\n<div class=\"wp-block-column is-layout-flow wp-block-column-is-layout-flow\" style=\"flex-basis:66.66%\">\n<p><strong>Episode 2. Christophe &#8211; Vaincre sa propre homophobie<\/strong><\/p>\n\n\n\n<p>Christophe, il a quarante ans et il pilote des avions. Il a aussi quelques heures de vol de th\u00e9rapie derri\u00e8re lui. Dans cet \u00e9pisode, il nous raconte comment il a choisi son psy et nous partage les grands sujets qu\u2019il a explor\u00e9 en th\u00e9rapie <strong>: son besoin d\u2019\u00eatre entendu, celui d\u2019assumer son homosexualit\u00e9\u2026<\/strong> Il revient aussi sur les souvenirs marquants comme ces s\u00e9ances o\u00f9 il vient avec rien et dont il \u00e9merge beaucoup..<\/p>\n\n\n\n<p>Ecouter l&rsquo;\u00e9pisode <a href=\"https:\/\/smartlink.ausha.co\/je-vois-quelqu-un-le-podcast\/episode-2-christophe-vaincre-mon-homophobie\" data-type=\"link\" data-id=\"https:\/\/smartlink.ausha.co\/je-vois-quelqu-un-le-podcast\/episode-2-christophe-vaincre-mon-homophobie\">ici<\/a><\/p>\n\n\n\n<p><a href=\"https:\/\/ledetour-therapie.com\/index.php\/pour-aller-plus-loin\/\">Pour aller plus loin, consultez notre biblioth\u00e8que d&rsquo;articles<\/a><\/p>\n<\/div>\n<\/div>\n\n\n\n<div class=\"wp-block-columns is-layout-flex wp-container-core-columns-is-layout-28f84493 wp-block-columns-is-layout-flex\">\n<div class=\"wp-block-column is-layout-flow wp-block-column-is-layout-flow\" style=\"flex-basis:33.33%\">\n<figure class=\"wp-block-image size-full\"><img loading=\"lazy\" decoding=\"async\" width=\"896\" height=\"672\" src=\"https:\/\/ledetour-therapie.com\/wp-content\/uploads\/2024\/06\/JE-VOIS-QUELQUUN-PODCAST-PARTENARIAT-2-copie.pdf-3.jpg\" alt=\"\" class=\"wp-image-3867\" srcset=\"https:\/\/ledetour-therapie.com\/wp-content\/uploads\/2024\/06\/JE-VOIS-QUELQUUN-PODCAST-PARTENARIAT-2-copie.pdf-3.jpg 896w, https:\/\/ledetour-therapie.com\/wp-content\/uploads\/2024\/06\/JE-VOIS-QUELQUUN-PODCAST-PARTENARIAT-2-copie.pdf-3-300x225.jpg 300w, https:\/\/ledetour-therapie.com\/wp-content\/uploads\/2024\/06\/JE-VOIS-QUELQUUN-PODCAST-PARTENARIAT-2-copie.pdf-3-768x576.jpg 768w\" sizes=\"auto, (max-width: 896px) 100vw, 896px\" \/><\/figure>\n<\/div>\n\n\n\n<div class=\"wp-block-column is-layout-flow wp-block-column-is-layout-flow\" style=\"flex-basis:66.66%\">\n<p><strong>Episode 3. Ga\u00eblle &#8211; PMA, ne plus \u00eatre seule<\/strong><\/p>\n\n\n\n<p>Ga\u00eblle, elle est prof d\u2019histoire g\u00e9o et elle adore les enfants, elle a toujours r\u00eav\u00e9 d\u2019avoir une grande famille comme ses parents. Dans cet \u00e9pisode, elle nous raconte comment dans cette famille, elle a appris \u00e0 tout relativiser et donc \u00e0 ne jamais se sentir concern\u00e9e par l\u2019\u00e9ventualit\u00e9 d\u2019aller voir un psy. Finalement, lorsqu\u2019elle franchit le pas en <strong>accordant de la valeur \u00e0 ses \u00e9motions,<\/strong> elle a pu \u00eatre aid\u00e9e : aid\u00e9e sur sa phobie des prises de sang, son <strong>rapport \u00e0 la maternit\u00e9<\/strong> et tout au long des hauts et des bas de son <strong>parcours de PMA<\/strong>.<\/p>\n\n\n\n<p>Ecouter l&rsquo;\u00e9pisode <a href=\"https:\/\/smartlink.ausha.co\/je-vois-quelqu-un-le-podcast\/episode-3-gaelle-pma-ne-plus-etre-seule\" data-type=\"link\" data-id=\"https:\/\/smartlink.ausha.co\/je-vois-quelqu-un-le-podcast\/episode-3-gaelle-pma-ne-plus-etre-seule\">ici<\/a><\/p>\n\n\n\n<p><a href=\"https:\/\/ledetour-therapie.com\/index.php\/pour-aller-plus-loin\/\">Pour aller plus loin, consultez notre biblioth\u00e8que d&rsquo;articles<\/a><\/p>\n<\/div>\n<\/div>\n\n\n\n<div class=\"wp-block-columns is-layout-flex wp-container-core-columns-is-layout-28f84493 wp-block-columns-is-layout-flex\">\n<div class=\"wp-block-column is-layout-flow wp-block-column-is-layout-flow\" style=\"flex-basis:33.33%\">\n<figure class=\"wp-block-image size-full\"><img loading=\"lazy\" decoding=\"async\" width=\"896\" height=\"672\" src=\"https:\/\/ledetour-therapie.com\/wp-content\/uploads\/2024\/08\/5.jpg\" alt=\"\" class=\"wp-image-3902\" srcset=\"https:\/\/ledetour-therapie.com\/wp-content\/uploads\/2024\/08\/5.jpg 896w, https:\/\/ledetour-therapie.com\/wp-content\/uploads\/2024\/08\/5-300x225.jpg 300w, https:\/\/ledetour-therapie.com\/wp-content\/uploads\/2024\/08\/5-768x576.jpg 768w\" sizes=\"auto, (max-width: 896px) 100vw, 896px\" \/><\/figure>\n<\/div>\n\n\n\n<div class=\"wp-block-column is-layout-flow wp-block-column-is-layout-flow\" style=\"flex-basis:66.66%\">\n<p><strong>Episode 4. Maxime &#8211; Mensonges et addictions<\/strong><\/p>\n\n\n\n<p>Maxime, il a 39 ans et il est poly-addict. Alcool, drogues, f\u00eates, filles&#8230; comblent son quotidien. Dans cet \u00e9pisode, il nous raconte comment, lorsqu\u2019on est addict,&nbsp;<strong>l\u2019\u00e9vitement du r\u00e9el par le mensonge&nbsp;<\/strong>s\u2019invite dans le cabinet du th\u00e9rapeute. Il nous partage comment il a pris conscience de son&nbsp;<strong>incapacit\u00e9 \u00e0 s\u2019engager dans le r\u00e9el&nbsp;<\/strong>et revient sur&nbsp;<strong>la fonction de sabotage de ses addictions<\/strong>. Avec derri\u00e8re ce sympt\u00f4me, une sensation de ne pas m\u00e9riter d\u2019\u00eatre aim\u00e9&#8230;<\/p>\n\n\n\n<p>Ecouter l&rsquo;\u00e9pisode<a href=\"https:\/\/smartlink.ausha.co\/je-vois-quelqu-un-le-podcast\/episode-5-maxime-mensonges-et-addictions\"> ici<\/a><\/p>\n\n\n\n<p><a href=\"https:\/\/ledetour-therapie.com\/index.php\/pour-aller-plus-loin\/\">Pour aller plus loin, consultez notre biblioth\u00e8que d&rsquo;articles<\/a><\/p>\n<\/div>\n<\/div>\n\n\n\n<div class=\"wp-block-columns is-layout-flex wp-container-core-columns-is-layout-28f84493 wp-block-columns-is-layout-flex\">\n<div class=\"wp-block-column is-layout-flow wp-block-column-is-layout-flow\" style=\"flex-basis:33.33%\">\n<figure class=\"wp-block-image size-full\"><img loading=\"lazy\" decoding=\"async\" width=\"896\" height=\"672\" src=\"https:\/\/ledetour-therapie.com\/wp-content\/uploads\/2024\/08\/6.jpg\" alt=\"\" class=\"wp-image-3903\" srcset=\"https:\/\/ledetour-therapie.com\/wp-content\/uploads\/2024\/08\/6.jpg 896w, https:\/\/ledetour-therapie.com\/wp-content\/uploads\/2024\/08\/6-300x225.jpg 300w, https:\/\/ledetour-therapie.com\/wp-content\/uploads\/2024\/08\/6-768x576.jpg 768w\" sizes=\"auto, (max-width: 896px) 100vw, 896px\" \/><\/figure>\n<\/div>\n\n\n\n<div class=\"wp-block-column is-layout-flow wp-block-column-is-layout-flow\" style=\"flex-basis:66.66%\">\n<p><strong>Episode 5. Lou &#8211; Faire le deuil avant la mort<\/strong><\/p>\n\n\n\n<p>Retraite en silence, communication non violente, cercles de femmes&#8230; parce qu\u2019elle a test\u00e9 de multiples accompagnements, Lou se d\u00e9crit comme \u201c<strong>une aventuri\u00e8re de la th\u00e9rapie<\/strong>\u201d. Il y a quelques ann\u00e9es, elle a commenc\u00e9 une th\u00e9rapie pour<strong>&nbsp;faire le deuil de sa m\u00e8re<\/strong>, instable psychologiquement et addict, avant son d\u00e9c\u00e8s, avec laquelle elle n\u2019avait plus de contact. Dans cet \u00e9pisode, elle nous livre comment la th\u00e9rapie l\u2019a aid\u00e9e \u00e0 apprendre \u00e0 s<strong>\u2019apporter de la reconnaissance<\/strong>&nbsp;sans en avoir re\u00e7ue. Elle revient aussi sur sa&nbsp;<strong>th\u00e9rapie de couple<\/strong>&nbsp;qui l\u2019aide \u00e0 rester malgr\u00e9 les temp\u00eates.<\/p>\n\n\n\n<p>Ecouter l&rsquo;\u00e9pisode<a href=\"https:\/\/smartlink.ausha.co\/je-vois-quelqu-un-le-podcast\/episode-5-maxime-mensonges-et-addictions\"> <\/a><a href=\"https:\/\/smartlink.ausha.co\/je-vois-quelqu-un-le-podcast\/episode-5-lou-faire-le-deuil-avant-la-mort\">ici<\/a><\/p>\n\n\n\n<p><a href=\"https:\/\/ledetour-therapie.com\/index.php\/pour-aller-plus-loin\/\">Pour aller plus loin, consultez notre biblioth\u00e8que d&rsquo;articles<\/a><\/p>\n<\/div>\n<\/div>\n\n\n\n<div class=\"wp-block-columns is-layout-flex wp-container-core-columns-is-layout-28f84493 wp-block-columns-is-layout-flex\">\n<div class=\"wp-block-column is-layout-flow wp-block-column-is-layout-flow\" style=\"flex-basis:33.33%\">\n<figure class=\"wp-block-image size-full\"><img loading=\"lazy\" decoding=\"async\" width=\"1024\" height=\"768\" src=\"https:\/\/ledetour-therapie.com\/wp-content\/uploads\/2025\/03\/VISUELS-JVQ-SITE.jpg\" alt=\"\" class=\"wp-image-3911\" srcset=\"https:\/\/ledetour-therapie.com\/wp-content\/uploads\/2025\/03\/VISUELS-JVQ-SITE.jpg 1024w, https:\/\/ledetour-therapie.com\/wp-content\/uploads\/2025\/03\/VISUELS-JVQ-SITE-300x225.jpg 300w, https:\/\/ledetour-therapie.com\/wp-content\/uploads\/2025\/03\/VISUELS-JVQ-SITE-768x576.jpg 768w\" sizes=\"auto, (max-width: 1024px) 100vw, 1024px\" \/><\/figure>\n<\/div>\n\n\n\n<div class=\"wp-block-column is-layout-flow wp-block-column-is-layout-flow\" style=\"flex-basis:66.66%\">\n<p><strong>Episode 6. Eleonore &#8211; Maladie, dis-moi ton nom<\/strong><\/p>\n\n\n\n<p>\u00c9l\u00e9onore, ce sont ses cauchemars qui l&rsquo;am\u00e8nent \u00e0 passer la porte du cabinet de son premier psychanalyste. Avec son soutien, elle r\u00e9ussira \u00e0 retrouver des nuits paisibles mais aussi \u00e0\u00a0<strong>transformer ses relations amoureuses \u00ab\u00a0fantasm\u00e9es et calamiteuses\u201d en amours ancr\u00e9s<\/strong>\u00a0dans la r\u00e9alit\u00e9. Dans cet \u00e9pisode, elle nous d\u00e9crit comment, quelques ann\u00e9es plus tard, sa derni\u00e8re th\u00e9rapie l\u2019a aid\u00e9e \u00e0\u00a0<strong>traverser la maladie, le cancer<\/strong>, qu\u2019elle a mis du temps \u00e0 nommer. Puis de soutenir en tant que parent, celle de sa fille, l&rsquo;anorexie. La diversit\u00e9 des accompagnements exp\u00e9riment\u00e9s par Eleonore font la richesse de son t\u00e9moignage : psychanalyse, gestalt, th\u00e9rapie multi-familiales dans les Troubles des Conduites Alimentaires (TCA)\u2026<\/p>\n\n\n\n<p>Ecouter l&rsquo;\u00e9pisode<a href=\"https:\/\/smartlink.ausha.co\/je-vois-quelqu-un-le-podcast\/episode-5-maxime-mensonges-et-addictions\"> <\/a><a href=\"https:\/\/podcast.ausha.co\/je-vois-quelqu-un-le-podcast\/episode-6-eleonore-maladie-dis-moi-ton-nom\">ici<\/a><\/p>\n\n\n\n<p><a href=\"https:\/\/ledetour-therapie.com\/index.php\/pour-aller-plus-loin\/\">Pour aller plus loin, consultez notre biblioth\u00e8que d&rsquo;articles<\/a><\/p>\n<\/div>\n<\/div>\n\n\n\n<div class=\"wp-block-columns is-layout-flex wp-container-core-columns-is-layout-28f84493 wp-block-columns-is-layout-flex\">\n<div class=\"wp-block-column is-layout-flow wp-block-column-is-layout-flow\" style=\"flex-basis:33.33%\">\n<figure class=\"wp-block-image size-full\"><img loading=\"lazy\" decoding=\"async\" width=\"1024\" height=\"768\" src=\"https:\/\/ledetour-therapie.com\/wp-content\/uploads\/2025\/03\/VISUELS-JVQ-SITE-1.jpg\" alt=\"\" class=\"wp-image-3913\" srcset=\"https:\/\/ledetour-therapie.com\/wp-content\/uploads\/2025\/03\/VISUELS-JVQ-SITE-1.jpg 1024w, https:\/\/ledetour-therapie.com\/wp-content\/uploads\/2025\/03\/VISUELS-JVQ-SITE-1-300x225.jpg 300w, https:\/\/ledetour-therapie.com\/wp-content\/uploads\/2025\/03\/VISUELS-JVQ-SITE-1-768x576.jpg 768w\" sizes=\"auto, (max-width: 1024px) 100vw, 1024px\" \/><\/figure>\n<\/div>\n\n\n\n<div class=\"wp-block-column is-layout-flow wp-block-column-is-layout-flow\" style=\"flex-basis:66.66%\">\n<p><strong>Episode 7. Charlotte &#8211; \u00catre suffisante<\/strong><\/p>\n\n\n\n<p>Dans cet \u00e9pisode, d\u00e9couvrez le t\u00e9moignage de Charlotte, une jeune femme lumineuse et spirituelle, qui a explor\u00e9 <strong>plusieurs formes de th\u00e9rapie<\/strong> : hypnose, gestalt, approche jungienne en psychog\u00e9n\u00e9alogie&#8230; Au cours de cette interview, elle partage comment la th\u00e9rapie l\u2019a soutenue face aux <strong>\u00ab\u00a0maladies du trop\u00a0\u00bb \u2014 boulimie, burnout<\/strong> \u2014 et l\u2019a aid\u00e9e \u00e0 trouver un \u00e9quilibre pour se sentir \u00ab suffisante \u00bb. Elle raconte \u00e9galement comment la th\u00e9rapie lui a permis de r\u00e9\u00e9crire certains chapitres de sa vie, d\u2019apprivoiser une solitude apais\u00e9e et de d\u00e9velopper <strong>un sentiment de s\u00e9curit\u00e9, en particulier au sein de son couple<\/strong>.<\/p>\n\n\n\n<p>Ecouter l&rsquo;\u00e9pisode<a href=\"https:\/\/smartlink.ausha.co\/je-vois-quelqu-un-le-podcast\/episode-5-maxime-mensonges-et-addictions\"> <\/a><a href=\"https:\/\/podcast.ausha.co\/je-vois-quelqu-un-le-podcast\/episode-7-charlotte-etre-suffisante\">ici<\/a><\/p>\n\n\n\n<p><a href=\"https:\/\/ledetour-therapie.com\/index.php\/pour-aller-plus-loin\/\">Pour aller plus loin, consultez notre biblioth\u00e8que d&rsquo;articles<\/a><\/p>\n<\/div>\n<\/div>\n\n\n\n<p>*<em>Afin de respecter leur anonymat, le pr\u00e9nom de certains intervenants a \u00e9t\u00e9 modifi\u00e9.  <\/em><em>Par souci d\u00e9ontologique, aucun des t\u00e9moins n\u2019a \u00e9t\u00e9 mon client ou patient.<\/em><\/p>\n","protected":false},"excerpt":{"rendered":"<p>\u00ab\u00a0Je vois quelqu&rsquo;un\u00a0\u00bb R\u00e9cits de th\u00e9rapies \u00c7a sert \u00e0 quoi d\u2019aller voir \u00ab&nbsp;quelqu\u2019un&nbsp;\u00bb ?&nbsp;Comment cela nous transforme, nous fait avancer ?&nbsp; Dans le podcast \u201cje vois quelqu\u2019un\u201d, des femmes et des hommes* racontent l\u2019impact de la th\u00e9rapie sur leurs trajectoires de vie. Pour \u00e9couter les \u00e9pisodes, c&rsquo;est par ici : https:\/\/smartlink.ausha.co\/je-vois-quelqu-un-le-podcast Episode 1. Charl\u00e8ne &#8211; &hellip;<\/p>\n<p class=\"read-more\"> <a class=\"\" href=\"https:\/\/ledetour-therapie.com\/index.php\/podcasts\/\"> <span class=\"screen-reader-text\">Podcasts<\/span> Lire la suite\u00a0\u00bb<\/a><\/p>\n","protected":false},"author":1,"featured_media":0,"parent":0,"menu_order":0,"comment_status":"closed","ping_status":"closed","template":"","meta":{"_uag_custom_page_level_css":"","site-sidebar-layout":"default","site-content-layout":"","ast-site-content-layout":"default","site-content-style":"default","site-sidebar-style":"default","ast-global-header-display":"","ast-banner-title-visibility":"","ast-main-header-display":"","ast-hfb-above-header-display":"","ast-hfb-below-header-display":"","ast-hfb-mobile-header-display":"","site-post-title":"disabled","ast-breadcrumbs-content":"","ast-featured-img":"","footer-sml-layout":"","theme-transparent-header-meta":"","adv-header-id-meta":"","stick-header-meta":"","header-above-stick-meta":"","header-main-stick-meta":"","header-below-stick-meta":"","astra-migrate-meta-layouts":"set","ast-page-background-enabled":"default","ast-page-background-meta":{"desktop":{"background-color":"var(--ast-global-color-4)","background-image":"","background-repeat":"repeat","background-position":"center center","background-size":"auto","background-attachment":"scroll","background-type":"","background-media":"","overlay-type":"","overlay-color":"","overlay-gradient":""},"tablet":{"background-color":"","background-image":"","background-repeat":"repeat","background-position":"center center","background-size":"auto","background-attachment":"scroll","background-type":"","background-media":"","overlay-type":"","overlay-color":"","overlay-gradient":""},"mobile":{"background-color":"","background-image":"","background-repeat":"repeat","background-position":"center center","background-size":"auto","background-attachment":"scroll","background-type":"","background-media":"","overlay-type":"","overlay-color":"","overlay-gradient":""}},"ast-content-background-meta":{"desktop":{"background-color":"var(--ast-global-color-5)","background-image":"","background-repeat":"repeat","background-position":"center center","background-size":"auto","background-attachment":"scroll","background-type":"","background-media":"","overlay-type":"","overlay-color":"","overlay-gradient":""},"tablet":{"background-color":"var(--ast-global-color-5)","background-image":"","background-repeat":"repeat","background-position":"center center","background-size":"auto","background-attachment":"scroll","background-type":"","background-media":"","overlay-type":"","overlay-color":"","overlay-gradient":""},"mobile":{"background-color":"var(--ast-global-color-5)","background-image":"","background-repeat":"repeat","background-position":"center center","background-size":"auto","background-attachment":"scroll","background-type":"","background-media":"","overlay-type":"","overlay-color":"","overlay-gradient":""}},"footnotes":""},"class_list":["post-3715","page","type-page","status-publish","hentry"],"uagb_featured_image_src":{"full":false,"thumbnail":false,"medium":false,"medium_large":false,"large":false,"1536x1536":false,"2048x2048":false},"uagb_author_info":{"display_name":"Alexandra","author_link":"https:\/\/ledetour-therapie.com\/index.php\/author\/admin3915\/"},"uagb_comment_info":0,"uagb_excerpt":"\u00ab\u00a0Je vois quelqu&rsquo;un\u00a0\u00bb R\u00e9cits de th\u00e9rapies \u00c7a sert \u00e0 quoi d\u2019aller voir \u00ab&nbsp;quelqu\u2019un&nbsp;\u00bb ?&nbsp;Comment cela nous transforme, nous fait avancer ?&nbsp; Dans le podcast \u201cje vois quelqu\u2019un\u201d, des femmes et des hommes* racontent l\u2019impact de la th\u00e9rapie sur leurs trajectoires de vie. Pour \u00e9couter les \u00e9pisodes, c&rsquo;est par ici : https:\/\/smartlink.ausha.co\/je-vois-quelqu-un-le-podcast Episode 1. Charl\u00e8ne &#8211;\u2026","_links":{"self":[{"href":"https:\/\/ledetour-therapie.com\/index.php\/wp-json\/wp\/v2\/pages\/3715","targetHints":{"allow":["GET"]}}],"collection":[{"href":"https:\/\/ledetour-therapie.com\/index.php\/wp-json\/wp\/v2\/pages"}],"about":[{"href":"https:\/\/ledetour-therapie.com\/index.php\/wp-json\/wp\/v2\/types\/page"}],"author":[{"embeddable":true,"href":"https:\/\/ledetour-therapie.com\/index.php\/wp-json\/wp\/v2\/users\/1"}],"replies":[{"embeddable":true,"href":"https:\/\/ledetour-therapie.com\/index.php\/wp-json\/wp\/v2\/comments?post=3715"}],"version-history":[{"count":42,"href":"https:\/\/ledetour-therapie.com\/index.php\/wp-json\/wp\/v2\/pages\/3715\/revisions"}],"predecessor-version":[{"id":3914,"href":"https:\/\/ledetour-therapie.com\/index.php\/wp-json\/wp\/v2\/pages\/3715\/revisions\/3914"}],"wp:attachment":[{"href":"https:\/\/ledetour-therapie.com\/index.php\/wp-json\/wp\/v2\/media?parent=3715"}],"curies":[{"name":"wp","href":"https:\/\/api.w.org\/{rel}","templated":true}]}}